{"id":5858,"date":"2020-01-14T11:43:21","date_gmt":"2020-01-14T10:43:21","guid":{"rendered":"https:\/\/karlictartufi.shop\/?post_type=product&#038;p=5858"},"modified":"2025-07-31T10:42:02","modified_gmt":"2025-07-31T08:42:02","slug":"white-cokolada-s-bijelim-tartufom","status":"publish","type":"product","link":"https:\/\/karlictartufi.shop\/en\/product\/white-cokolada-s-bijelim-tartufom\/","title":{"rendered":"Bijela \u010dokolada s bijelim tartufom 70g"},"content":{"rendered":"","protected":false},"excerpt":{"rendered":"<p>Premium bijela \u010dokolada s bijelim,tartufom i kakao komadi\u0107ima.<\/p>\n","protected":false},"featured_media":9175,"template":"","meta":[],"product_brand":[],"product_cat":[357,18],"product_tag":[355],"class_list":{"0":"post-5858","1":"product","2":"type-product","3":"status-publish","4":"has-post-thumbnail","6":"product_cat-internal","7":"product_cat-uncategorized","8":"product_tag-internal","10":"first","11":"instock","12":"shipping-taxable","13":"purchasable","14":"product-type-simple"},"_links":{"self":[{"href":"https:\/\/karlictartufi.shop\/en\/wp-json\/wp\/v2\/product\/5858","targetHints":{"allow":["GET"]}}],"collection":[{"href":"https:\/\/karlictartufi.shop\/en\/wp-json\/wp\/v2\/product"}],"about":[{"href":"https:\/\/karlictartufi.shop\/en\/wp-json\/wp\/v2\/types\/product"}],"wp:featuredmedia":[{"embeddable":true,"href":"https:\/\/karlictartufi.shop\/en\/wp-json\/wp\/v2\/media\/9175"}],"wp:attachment":[{"href":"https:\/\/karlictartufi.shop\/en\/wp-json\/wp\/v2\/media?parent=5858"}],"wp:term":[{"taxonomy":"product_brand","embeddable":true,"href":"https:\/\/karlictartufi.shop\/en\/wp-json\/wp\/v2\/product_brand?post=5858"},{"taxonomy":"product_cat","embeddable":true,"href":"https:\/\/karlictartufi.shop\/en\/wp-json\/wp\/v2\/product_cat?post=5858"},{"taxonomy":"product_tag","embeddable":true,"href":"https:\/\/karlictartufi.shop\/en\/wp-json\/wp\/v2\/product_tag?post=5858"}],"curies":[{"name":"wp","href":"https:\/\/api.w.org\/{rel}","templated":true}]}}